{"id":8,"date":"2022-03-08T11:58:28","date_gmt":"2022-03-08T14:58:28","guid":{"rendered":"https:\/\/alelimayoga.com.br\/?page_id=8"},"modified":"2023-03-30T10:35:50","modified_gmt":"2023-03-30T13:35:50","slug":"mesmerize","status":"publish","type":"page","link":"https:\/\/alelimayoga.com.br\/","title":{"rendered":"In\u00edcio"},"content":{"rendered":"<div  id=\"proposta\" style=\"background-color: rgb(255, 255, 255); background-image: none;\" data-label=\"Proposta\" data-id=\"about-1\" data-export-id=\"about-1\" data-category=\"about\" class=\"about-1 content-section\"><div  class=\"\"> <div  class=\"row text-center\"><div  class=\"section-title-col\" data-type=\"column\"> <h5  class=\"\">MINHA PROPOSTA<\/h5> <h2  class=\"\">Com Yoga, dar possibilidade para o aluno construir:<\/h2> <img decoding=\"async\"  alt=\"al-lima-yoga-allimayogaallimayogaallimayogaallimayogaallimayogaallimayogaallimayogaallimayoga-allimayogaallimayogaallimayogaallimayogaallimayogaallimayogaallimayogaallimayoga-al-lima-yoga-allimayogaallimayogaallimayogaallimayogaallimayogaallimayogaallimayogaallimayoga\" class=\"custom-image\" src=\"https:\/\/alelimayoga.com.br\/wp-content\/uploads\/2022\/03\/cropped-cropped-pngegg-e1646773443891.png\" title=\"al-lima-yoga-allimayogaallimayoga-allimayogaallimayoga-al-lima-yoga-allimayogaallimayoga Al\u0113 Lima YOGA al-lima-yoga-allimayogaallimayoga-allimayogaallimayoga-al-lima-yoga-allimayogaallimayoga al-lima-yoga-allimayogaallimayoga-allimayogaallimayoga-al-lima-yoga-allimayogaallimayoga Al\u0113 Lima YOGA\"><h3  class=\"\">Bem estar com sa\u00fade e energia para o corpo\n<\/h3><img decoding=\"async\"  alt=\"al-lima-yoga-allimayogaallimayogaallimayogaallimayogaallimayogaallimayogaallimayogaallimayoga-allimayogaallimayogaallimayogaallimayogaallimayogaallimayogaallimayogaallimayoga-al-lima-yoga-allimayogaallimayogaallimayogaallimayogaallimayogaallimayogaallimayogaallimayoga\" class=\"custom-image\" src=\"https:\/\/alelimayoga.com.br\/wp-content\/uploads\/2022\/03\/cropped-pngegg-e1646773443891.png\" title=\"al-lima-yoga-allimayogaallimayoga-allimayogaallimayoga-al-lima-yoga-allimayogaallimayoga Al\u0113 Lima YOGA al-lima-yoga-allimayogaallimayoga-allimayogaallimayoga-al-lima-yoga-allimayogaallimayoga al-lima-yoga-allimayogaallimayoga-allimayogaallimayoga-al-lima-yoga-allimayogaallimayoga Al\u0113 Lima YOGA\"><h3  class=\"\">Expans\u00e3o da sa\u00fade mental com mais foco, equil\u00edbrio e serenidade<\/h3><img decoding=\"async\"  alt=\"al-lima-yoga-allimayogaallimayogaallimayogaallimayogaallimayogaallimayogaallimayogaallimayoga-allimayogaallimayogaallimayogaallimayogaallimayogaallimayogaallimayogaallimayoga-al-lima-yoga-allimayogaallimayogaallimayogaallimayogaallimayogaallimayogaallimayogaallimayoga\" class=\"custom-image\" src=\"https:\/\/alelimayoga.com.br\/wp-content\/uploads\/2022\/03\/cropped-pngegg-e1646773443891.png\" title=\"al-lima-yoga-allimayogaallimayoga-allimayogaallimayoga-al-lima-yoga-allimayogaallimayoga Al\u0113 Lima YOGA al-lima-yoga-allimayogaallimayoga-allimayogaallimayoga-al-lima-yoga-allimayogaallimayoga al-lima-yoga-allimayogaallimayoga-allimayogaallimayoga-al-lima-yoga-allimayogaallimayoga Al\u0113 Lima YOGA\"><h3  class=\"\"><font  class=\"custom-font cstm-fnt\" style=\"font-family: var(--kv-ee-body-font-family); font-size: 100.01%; font-weight: var(--kv-ee-body-font-weight);\">\u00c1 partir destes princ\u00edpios,&nbsp; inicia-se o caminho do Yoga\u2026<\/font><\/h3><\/div> <\/div> <div  class=\"row\"> <div  class=\"button-holder space-bottom space-bottom-small\" data-type=\"column\"> <\/div> <div  class=\"col-xs bottom-xs flexbox image-group-bottom-3-img space-bottom-xs center-xs\"> <img decoding=\"async\"  alt=\"al-lima-yoga-allimayogaallimayogaallimayogaallimayogaallimayogaallimayogaallimayogaallimayoga-allimayogaallimayogaallimayogaallimayogaallimayogaallimayogaallimayogaallimayoga-al-lima-yoga-allimayogaallimayogaallimayogaallimayogaallimayogaallimayogaallimayogaallimayoga\" class=\"left-img shadow-large-black\" data-size=\"500x300\" src=\"https:\/\/alelimayoga.com.br\/wp-content\/uploads\/2022\/03\/cropped-LOW_IMG_0526.jpg\" title=\"al-lima-yoga-allimayogaallimayoga-allimayogaallimayoga-al-lima-yoga-allimayogaallimayoga Al\u0113 Lima YOGA al-lima-yoga-allimayogaallimayoga-allimayogaallimayoga-al-lima-yoga-allimayogaallimayoga al-lima-yoga-allimayogaallimayoga-allimayogaallimayoga-al-lima-yoga-allimayogaallimayoga Al\u0113 Lima YOGA\"> <img decoding=\"async\"  alt=\"al-lima-yoga-allimayogaallimayogaallimayogaallimayogaallimayogaallimayogaallimayogaallimayoga-allimayogaallimayogaallimayogaallimayogaallimayogaallimayogaallimayogaallimayoga-al-lima-yoga-allimayogaallimayogaallimayogaallimayogaallimayogaallimayogaallimayogaallimayoga\" class=\"center-img shadow-large-black\" data-size=\"500x300\" src=\"https:\/\/alelimayoga.com.br\/wp-content\/uploads\/2022\/03\/cropped-LOW_IMG_0493.jpg\" title=\"al-lima-yoga-allimayogaallimayoga-allimayogaallimayoga-al-lima-yoga-allimayogaallimayoga Al\u0113 Lima YOGA al-lima-yoga-allimayogaallimayoga-allimayogaallimayoga-al-lima-yoga-allimayogaallimayoga al-lima-yoga-allimayogaallimayoga-allimayogaallimayoga-al-lima-yoga-allimayogaallimayoga Al\u0113 Lima YOGA\"> <img decoding=\"async\"  alt=\"al-lima-yoga-allimayogaallimayogaallimayogaallimayogaallimayogaallimayogaallimayogaallimayoga-allimayogaallimayogaallimayogaallimayogaallimayogaallimayogaallimayogaallimayoga-al-lima-yoga-allimayogaallimayogaallimayogaallimayogaallimayogaallimayogaallimayogaallimayoga\" class=\"right-img shadow-large-black\" data-size=\"500x300\" src=\"https:\/\/alelimayoga.com.br\/wp-content\/uploads\/2022\/03\/cropped-LOW_IMG_0511.jpg\" title=\"al-lima-yoga-allimayogaallimayoga-allimayogaallimayoga-al-lima-yoga-allimayogaallimayoga Al\u0113 Lima YOGA al-lima-yoga-allimayogaallimayoga-allimayogaallimayoga-al-lima-yoga-allimayogaallimayoga al-lima-yoga-allimayogaallimayoga-allimayogaallimayoga-al-lima-yoga-allimayogaallimayoga Al\u0113 Lima YOGA\"><\/div> <\/div><\/div> <\/div><div  id=\"joinus\" data-label=\"JoinUS\" data-id=\"cta-blue-section\" data-export-id=\"cta-blue-section\" data-category=\"cta\" class=\"cta-blue-section content-section content-section-spacing-medium bg-color1 white-text\"><div  class=\"gridContainer\"> <div  class=\"row middle-xs\"><div  class=\"col-sm-8 space-bottom-xs\" data-type=\"column\"> <h2  class=\"\">Junte-se a n\u00f3s! <span  class=\"font-300\">Vem praticar\u2026<\/span><\/h2> <\/div> <div  class=\"col-sm-4 end-sm\" data-type=\"column\"> <a class=\"button color2\" href=\"https:\/\/wa.me\/5511961103200\" target=\"_blank\" data-cp-link=\"1\" rel=\"noopener\">FALE COMIGO<\/a><\/div> <\/div><\/div> <\/div><div  data-label=\"Ale Lima\" data-id=\"about--1\" data-export-id=\"about-9\" data-category=\"about\" class=\"about-9 content-section content-section-spacing\" id=\"ale-lima\" style=\"background-color: rgb(255, 255, 255); background-image: none;\"><div  class=\"gridContainer\"> <div  class=\"row middle-sm text-center\"><div  class=\"col-sm-5 space-bottom-xs content-column content-left-sm\" data-type=\"column\">   <p  class=\"\">\u201cA convic\u00e7\u00e3o que tenho no Yoga, vem dos ensinamentos que tive a oportunidade de receber\u2026 e da cont\u00ednua experi\u00eancia de evolu\u00e7\u00e3o a cada dia.\u201d<\/p><h5  class=\"\">Al\u0113 Lima, professor e praticante<\/h5> <p  class=\"lead\">\u201c\u2026ensino Yoga porque sei,  por experi\u00eancia pr\u00f3pria que funciona ! \u201c<\/p><\/div> <div  class=\"col-sm-7 flexbox flexbox middle-xs center-xs space-bottom-xs\"><div  class=\"overlay-box flexbox middle-xs center-xs overlay-holder \"> <div  class=\"overlay-box-offset shadow-medium bg-color2 hide-xs offset-background\"><\/div> <img decoding=\"async\"  alt=\"al-lima-yoga-allimayogaallimayogaallimayogaallimayogaallimayogaallimayogaallimayogaallimayoga-allimayogaallimayogaallimayogaallimayogaallimayogaallimayogaallimayogaallimayoga-al-lima-yoga-allimayogaallimayogaallimayogaallimayogaallimayogaallimayogaallimayogaallimayoga\" class=\"flexbox shadow-large img1\" src=\"https:\/\/alelimayoga.com.br\/wp-content\/uploads\/2022\/03\/cropped-Fundo_Ale-e1646777132328.png\" data-size=\"600x400\" title=\"al-lima-yoga-allimayogaallimayoga-allimayogaallimayoga-al-lima-yoga-allimayogaallimayoga Al\u0113 Lima YOGA al-lima-yoga-allimayogaallimayoga-allimayogaallimayoga-al-lima-yoga-allimayogaallimayoga al-lima-yoga-allimayogaallimayoga-allimayogaallimayoga-al-lima-yoga-allimayogaallimayoga Al\u0113 Lima YOGA\"><\/div> <\/div><\/div> <\/div><\/div><div  data-label=\"Quem sou\" data-id=\"content--3\" data-export-id=\"content-8\" data-category=\"content\" class=\"content-8 content-section content-section-spacing\" id=\"quem-sou\" style=\"background-color: rgb(245, 250, 253);\"><div  class=\"gridContainer\"> <div  class=\"row middle-sm\"><div  class=\"col-sm-6 space-bottom-xs space-top-xs\" data-type=\"column\"> <img decoding=\"async\"  alt=\"al-lima-yoga-allimayogaallimayogaallimayogaallimayogaallimayogaallimayogaallimayogaallimayoga-allimayogaallimayogaallimayogaallimayogaallimayogaallimayogaallimayogaallimayoga-al-lima-yoga-allimayogaallimayogaallimayogaallimayogaallimayogaallimayogaallimayogaallimayoga\" class=\"shadow-large\" src=\"https:\/\/alelimayoga.com.br\/wp-content\/uploads\/2022\/03\/Ale-Lima-2.png\" title=\"al-lima-yoga-allimayogaallimayoga-allimayogaallimayoga-al-lima-yoga-allimayogaallimayoga Al\u0113 Lima YOGA al-lima-yoga-allimayogaallimayoga-allimayogaallimayoga-al-lima-yoga-allimayogaallimayoga al-lima-yoga-allimayogaallimayoga-allimayogaallimayoga-al-lima-yoga-allimayogaallimayoga Al\u0113 Lima YOGA\"><\/div> <div  class=\"col-sm-6\" data-type=\"column\"><h2  class=\"\">Sou Al\u0113 Lima<\/h2> <p  class=\"\">Iniciei minha experi\u00eancia com o Yoga em 2005 como praticante e logo nos primeiros meses percebi o comportamento do meu corpo e mente\u2026 neste instante notei a profundidade deste ancestral conhecimento e desde ent\u00e3o, n\u00e3o parei mais\u2026\n<br ><br >Em 2007 iniciei minha primeira forma\u00e7\u00e3o em Yoga e a partir da\u00ed, al\u00e9m desta forma\u00e7\u00e3o, conclu\u00ed diversos cursos espec\u00edficos.\n<br ><br >Atualmente tenho tr\u00eas (3) forma\u00e7\u00f5es em Yoga, al\u00e9m de especializa\u00e7\u00f5es em bio-mec\u00e2nica, medita\u00e7\u00e3o, s\u00e2nscrito e vedanta\n<br ><br >Em 2018 tive o bom karma de conhecer meu professor Osnir Cugenotta e ter acesso aos seus conhecimentos.\n<br ><br >Tive o privil\u00e9gio, em 2019, de ser iniciado em Kriy\u0101 Yoga diretamente pela linhagem familiar de Lahiri Mahasaya, fazendo-me compreender o valor do ensinamento PURO.\n<br >\n<br >Espero aplicar-me ao m\u00e1ximo para ensinar e possibilitar a transforma\u00e7\u00e3o de vidas, pois fazendo isso\u2026<\/p> <p  class=\"lead\">\u2026manterei a minha em constante aprendizado !<\/p><a class=\"link\" href=\"#\" target=\"_self\" data-cp-link=\"1\" rel=\"noopener\">topo da p\u00e1gina<\/a><\/div> <\/div><\/div> <\/div><div  data-label=\"Online\" data-id=\"about--3\" data-export-id=\"about-4\" data-category=\"about\" class=\"about-4 content-section content-section-spacing\" id=\"online\" style=\"background-color: rgb(245, 250, 253); background-image: none;\"><div  class=\"gridContainer\"> <div  class=\"row middle-sm text-center\"><div  class=\"col-sm-5 space-bottom-xs\" data-type=\"column\"> <h5  class=\"\">EM TURMA OU PERSONAL\u2026<\/h5> <h2  class=\"\">YOGA<br > <span  style=\"font-family: Playfair Display,sans-serif; font-weight: 700; font-style: italic;\" href=\"#\">em formato<\/span> ONLINE<\/h2> <p  class=\"\">Voc\u00ea faz a pr\u00e1tica em casa, com demonstra\u00e7\u00f5es, ajustes e corre\u00e7\u00f5es do professor. Tudo AO VIVO, com audio e v\u00eddeo.\n<br ><br >Plataforma digital em ambiente seguro e privado.<\/p> <a class=\"button color1\" href=\"#aulas\" target=\"_self\" data-cp-link=\"1\" rel=\"noopener\">AULAS<\/a><\/div> <div  class=\"col-sm-7 flexbox center-xs middle-xs image-group-2-img\"> <img decoding=\"async\"  alt=\"al-lima-yoga-allimayogaallimayogaallimayogaallimayogaallimayogaallimayogaallimayogaallimayoga-allimayogaallimayogaallimayogaallimayogaallimayogaallimayogaallimayogaallimayoga-al-lima-yoga-allimayogaallimayogaallimayogaallimayogaallimayogaallimayogaallimayogaallimayoga\" class=\"img-1 shadow-large\" data-size=\"250x200\" src=\"https:\/\/alelimayoga.com.br\/wp-content\/uploads\/2022\/03\/cropped-cropped-LOW_20210604_090911-e1646787988540.jpg\" title=\"al-lima-yoga-allimayogaallimayoga-allimayogaallimayoga-al-lima-yoga-allimayogaallimayoga Al\u0113 Lima YOGA al-lima-yoga-allimayogaallimayoga-allimayogaallimayoga-al-lima-yoga-allimayogaallimayoga al-lima-yoga-allimayogaallimayoga-allimayogaallimayoga-al-lima-yoga-allimayogaallimayoga Al\u0113 Lima YOGA\"> <img decoding=\"async\"  alt=\"al-lima-yoga-allimayogaallimayogaallimayogaallimayogaallimayogaallimayogaallimayogaallimayoga-allimayogaallimayogaallimayogaallimayogaallimayogaallimayogaallimayogaallimayoga-al-lima-yoga-allimayogaallimayogaallimayogaallimayogaallimayogaallimayogaallimayogaallimayoga\" class=\"img-2 shadow-large\" data-size=\"220x170\" src=\"https:\/\/alelimayoga.com.br\/wp-content\/uploads\/2022\/03\/LOW_20210604_085957.jpg\" title=\"al-lima-yoga-allimayogaallimayoga-allimayogaallimayoga-al-lima-yoga-allimayogaallimayoga Al\u0113 Lima YOGA al-lima-yoga-allimayogaallimayoga-allimayogaallimayoga-al-lima-yoga-allimayogaallimayoga al-lima-yoga-allimayogaallimayoga-allimayogaallimayoga-al-lima-yoga-allimayogaallimayoga Al\u0113 Lima YOGA\"><\/div> <\/div><\/div> <\/div><div  data-label=\"Aulas\" data-id=\"content--2\" data-export-id=\"content-7\" data-category=\"content\" class=\"content-7 content-section content-section-spacing\" id=\"aulas\" style=\"background-color: rgb(245, 250, 253);\"><div  class=\"gridContainer\"> <div  class=\"row middle-sm\"><div  class=\"col-sm-6 space-bottom-xs content-left-sm\" data-type=\"column\"> <p  class=\"lead\">Permita se perceber em constante evolu\u00e7\u00e3o com SA\u00daDE E BEM ESTAR\u2026<\/p><h2  class=\"\">Vem praticar COMIGO<\/h2>  <p  class=\"\">A metodologia de nossas aulas est\u00e1 fundamentada no Ha\u1e6dha Yoga tradicional.\n<br ><br >As pr\u00e1ticas compreendem t\u00e9cnicas de concentra\u00e7\u00e3o, exerc\u00edcios respirat\u00f3rios e claro, a execu\u00e7\u00e3os dos \u0101sanas, as posturas ou posi\u00e7\u00f5es psicof\u00edsicas do Yoga.\n<br ><br >As pr\u00e1ticas s\u00e3o especialmente elaboradas para todos os n\u00edveis de praticantes.\n<br ><br >Nos hor\u00e1rios de aulas em turma, a pr\u00e1tica pode ser presencial (escola no bairro Ipiranga) ou ONLINE com transmiss\u00e3o AO VIVO.\n<br ><br >No formato PERSONAL, voc\u00ea escolhe o melhor hor\u00e1rio, frequ\u00eancia e a pr\u00e1tica acontece na escola, na sua casa ou no lugar que preferir.<br ><br >&nbsp;Escolha um hor\u00e1rio e fale comigo.<\/p><a class=\"button color1\" href=\"https:\/\/wa.me\/5511961103200\" target=\"_blank\" data-cp-link=\"1\" rel=\"noopener\">FALE COMIGO<\/a><\/div> <div  class=\"col-sm-6 content-left-sm\" data-type=\"column\"> <img decoding=\"async\"  alt=\"al-lima-yoga-allimayogaallimayogaallimayogaallimayogaallimayogaallimayogaallimayogaallimayoga-allimayogaallimayogaallimayogaallimayogaallimayogaallimayogaallimayogaallimayoga-al-lima-yoga-allimayogaallimayogaallimayogaallimayogaallimayogaallimayogaallimayogaallimayoga\" class=\"shadow-large\" src=\"https:\/\/alelimayoga.com.br\/wp-content\/uploads\/2022\/03\/LOW_IMG_0511.jpg\" title=\"al-lima-yoga-allimayogaallimayoga-allimayogaallimayoga-al-lima-yoga-allimayogaallimayoga Al\u0113 Lima YOGA al-lima-yoga-allimayogaallimayoga-allimayogaallimayoga-al-lima-yoga-allimayogaallimayoga al-lima-yoga-allimayogaallimayoga-allimayogaallimayoga-al-lima-yoga-allimayogaallimayoga Al\u0113 Lima YOGA\"><img decoding=\"async\"  alt=\"al-lima-yoga-allimayogaallimayogaallimayogaallimayogaallimayogaallimayogaallimayogaallimayoga-allimayogaallimayogaallimayogaallimayogaallimayogaallimayogaallimayogaallimayoga-al-lima-yoga-allimayogaallimayogaallimayogaallimayogaallimayogaallimayogaallimayogaallimayoga\" class=\"custom-image\" src=\"https:\/\/alelimayoga.com.br\/wp-content\/uploads\/2022\/03\/cropped-LOW_IMG_0493-e1646837699689.jpg\" title=\"al-lima-yoga-allimayogaallimayoga-allimayogaallimayoga-al-lima-yoga-allimayogaallimayoga Al\u0113 Lima YOGA al-lima-yoga-allimayogaallimayoga-allimayogaallimayoga-al-lima-yoga-allimayogaallimayoga al-lima-yoga-allimayogaallimayoga-allimayogaallimayoga-al-lima-yoga-allimayogaallimayoga Al\u0113 Lima YOGA\"><\/div> <\/div><\/div> <\/div><div  data-label=\"Investimento\" data-id=\"features--1\" data-export-id=\"features-13-card-bordered\" data-category=\"features\" class=\"features-13 content-section content-section-spacing\" id=\"investimento\" style=\"background-color: rgb(245, 250, 253); background-image: none;\"><div  class=\"gridContainer\"> <div  class=\"row text-center\"><div  class=\"section-title-col\" data-type=\"column\"> <h2  class=\"\">Investimento<\/h2> <\/div> <\/div> <div  class=\"row spaced-cols content-center-sm center-sm\" data-type=\"row\"> <div  class=\"col-sm-4 col-md-4 \"> <div  class=\"card bordered y-move\" data-type=\"column\">  <img decoding=\"async\"  alt=\"al-lima-yoga-allimayogaallimayogaallimayogaallimayogaallimayogaallimayogaallimayogaallimayoga-allimayogaallimayogaallimayogaallimayogaallimayogaallimayogaallimayogaallimayoga-al-lima-yoga-allimayogaallimayogaallimayogaallimayogaallimayogaallimayogaallimayogaallimayoga\" class=\"custom-image\" src=\"https:\/\/alelimayoga.com.br\/wp-content\/uploads\/2022\/03\/Ico_1x-e1646832153443.png\" title=\"al-lima-yoga-allimayogaallimayoga-allimayogaallimayoga-al-lima-yoga-allimayogaallimayoga Al\u0113 Lima YOGA al-lima-yoga-allimayogaallimayoga-allimayogaallimayoga-al-lima-yoga-allimayogaallimayoga al-lima-yoga-allimayogaallimayoga-allimayogaallimayoga-al-lima-yoga-allimayogaallimayoga Al\u0113 Lima YOGA\"><h4  class=\"\">TURMAS \u2013 1x por semana<\/h4> <p  class=\"\">Aulas em turma. Online ou presencial na escola (Ipiranga-SP)<\/p> <h4  class=\"\">R$ 233 \u2013 mensal<\/h4><\/div> <\/div> <div  class=\"col-sm-4 col-md-4 \"> <div  class=\"card bordered y-move\" data-type=\"column\">  <img decoding=\"async\"  alt=\"al-lima-yoga-allimayogaallimayogaallimayogaallimayogaallimayogaallimayogaallimayogaallimayoga-allimayogaallimayogaallimayogaallimayogaallimayogaallimayogaallimayogaallimayoga-al-lima-yoga-allimayogaallimayogaallimayogaallimayogaallimayogaallimayogaallimayogaallimayoga\" class=\"custom-image\" src=\"https:\/\/alelimayoga.com.br\/wp-content\/uploads\/2022\/03\/Ico_2x-e1646832183901.png\" title=\"al-lima-yoga-allimayogaallimayoga-allimayogaallimayoga-al-lima-yoga-allimayogaallimayoga Al\u0113 Lima YOGA al-lima-yoga-allimayogaallimayoga-allimayogaallimayoga-al-lima-yoga-allimayogaallimayoga al-lima-yoga-allimayogaallimayoga-allimayogaallimayoga-al-lima-yoga-allimayogaallimayoga Al\u0113 Lima YOGA\"><h4  class=\"\">TURMAS \u2013 2x por semana<\/h4> <p  class=\"\">Aulas em turma. Online ou presencial na escola (Ipiranga-SP)<\/p> <h4  class=\"\">R$ 350 \u2013 mensal<\/h4><\/div> <\/div> <div  class=\"col-sm-4 col-md-4 \"> <div  class=\"card bordered y-move\" data-type=\"column\">  <img decoding=\"async\"  alt=\"al-lima-yoga-allimayogaallimayogaallimayogaallimayogaallimayogaallimayogaallimayogaallimayoga-allimayogaallimayogaallimayogaallimayogaallimayogaallimayogaallimayogaallimayoga-al-lima-yoga-allimayogaallimayogaallimayogaallimayogaallimayogaallimayogaallimayogaallimayoga\" class=\"custom-image\" src=\"https:\/\/alelimayoga.com.br\/wp-content\/uploads\/2022\/03\/Ico_3x-e1646832196748.png\" title=\"al-lima-yoga-allimayogaallimayoga-allimayogaallimayoga-al-lima-yoga-allimayogaallimayoga Al\u0113 Lima YOGA al-lima-yoga-allimayogaallimayoga-allimayogaallimayoga-al-lima-yoga-allimayogaallimayoga al-lima-yoga-allimayogaallimayoga-allimayogaallimayoga-al-lima-yoga-allimayogaallimayoga Al\u0113 Lima YOGA\"><h4  class=\"\">TURMAS \u2013 3x por semana<\/h4> <p  class=\"\">Aulas em turma. Online ou presencial na escola (Ipiranga-SP)<\/p> <h4  class=\"\">R$ 466 \u2013 mensal<\/h4><\/div> <\/div><div  class=\"col-sm-4 col-md-4 \"> <div  class=\"card bordered y-move\" data-type=\"column\">  <img decoding=\"async\"  alt=\"al-lima-yoga-allimayogaallimayogaallimayogaallimayogaallimayogaallimayogaallimayogaallimayoga-allimayogaallimayogaallimayogaallimayogaallimayogaallimayogaallimayogaallimayoga-al-lima-yoga-allimayogaallimayogaallimayogaallimayogaallimayogaallimayogaallimayogaallimayoga\" class=\"custom-image\" src=\"https:\/\/alelimayoga.com.br\/wp-content\/uploads\/2022\/03\/Ico_Personal-e1646832210165.png\" title=\"al-lima-yoga-allimayogaallimayoga-allimayogaallimayoga-al-lima-yoga-allimayogaallimayoga Al\u0113 Lima YOGA al-lima-yoga-allimayogaallimayoga-allimayogaallimayoga-al-lima-yoga-allimayogaallimayoga al-lima-yoga-allimayogaallimayoga-allimayogaallimayoga-al-lima-yoga-allimayogaallimayoga Al\u0113 Lima YOGA\"><h4  class=\"\">PERSONAL<\/h4> <p  class=\"\">Aulas pr\u00e1ticas personalizadas de Yoga em formato individual e presencial.  Na escola (Ipiranga-SP), na sua casa ou no espa\u00e7o onde preferir (S\u00e3o Paulo, em regi\u00f5es determinadas)<\/p> <h4  class=\"\">R$ 160 \u2013 Aula<\/h4><a class=\"link\" href=\"#\" target=\"_self\" data-cp-link=\"1\" rel=\"noopener\">topo da p\u00e1gina<\/a><\/div> <\/div><\/div> <\/div><\/div><div  data-label=\"Social\" data-id=\"overlappable--1\" data-export-id=\"overlappable-4\" data-category=\"overlappable\" class=\"overlappable-4 content-section content-section-spacing\" data-overlap=\"true\" id=\"social\" style=\"background-color: rgb(255, 255, 255); background-image: none;\"><div  class=\"gridContainer\"> <div  data-type=\"row\" class=\"row spaced-cols text-center center-sm\"><div  class=\"col-xs-12 col-sm-4 col-padding col-md-4 \"> <i  class=\"fa icon shadow-large-black aligncenter color1 fa-instagram reverse round big\"><\/i> <div  data-type=\"column\" class=\"\"> <h5  class=\"\">MEU PERFIL<\/h5> <p  class=\"\">Segue l\u00e1 !<\/p><a class=\"link\" href=\"https:\/\/www.instagram.com\/yoga.alelima\" target=\"_blank\" data-cp-link=\"1\" rel=\"noopener\">@yoga.alelima<\/a><\/div> <\/div> <div  class=\"col-xs-12 col-sm-4 col-padding col-md-4 \"> <i  class=\"fa icon shadow-large-black aligncenter color1 fa-youtube reverse round big\"><\/i> <div  data-type=\"column\" class=\"\"><h5  class=\"\">MEU CANAL<\/h5> <p  class=\"\">Me acompanhe !<\/p><a class=\"link\" href=\"https:\/\/www.youtube.com\/channel\/UC5A7a79Qyu0jsCSJ07sphYQ\" target=\"_blank\" data-cp-link=\"1\" rel=\"noopener\">Al\u0113 Lima \u2013 Yoga<\/a><\/div> <\/div> <div  class=\"col-xs-12 col-sm-4 col-padding col-md-4 \"> <i  class=\"fa icon shadow-large-black aligncenter color1 fa-facebook-square reverse round big\"><\/i> <div  data-type=\"column\" class=\"\"><h5  class=\"\">FANPAGE<\/h5> <p  class=\"\">Curte l\u00e1 !<\/p><a class=\"link\" href=\"https:\/\/www.facebook.com\/yoga.alelima\" target=\"_blank\" data-cp-link=\"1\" rel=\"noopener\">Al\u0113 Lima \u2013 Yoga<\/a><\/div> <\/div><div  class=\"col-xs-12 col-sm-4 col-padding col-md-4 \">  <div  data-type=\"column\" class=\"\">  <a class=\"link\" href=\"#\" target=\"_self\" data-cp-link=\"1\" rel=\"noopener\">topo da p\u00e1gina<\/a><\/div> <\/div><\/div> <\/div><\/div>","protected":false},"excerpt":{"rendered":"<p>MINHA PROPOSTA Com Yoga, dar possibilidade para o aluno construir: Bem estar com sa\u00fade e energia para o corpo Expans\u00e3o da sa\u00fade mental com mais foco, equil\u00edbrio e serenidade\u00c1 partir destes princ\u00edpios,&nbsp; inicia-se o caminho do Yoga\u2026 Junte-se a n\u00f3s! Vem praticar\u2026 FALE COMIGO \u201cA convic\u00e7\u00e3o que tenho no Yoga, vem dos ensinamentos que tive&hellip; <br \/> <a class=\"read-more\" href=\"https:\/\/alelimayoga.com.br\/\">Leia mais<\/a><\/p>\n","protected":false},"author":1,"featured_media":0,"parent":0,"menu_order":0,"comment_status":"closed","ping_status":"closed","template":"page-templates\/homepage.php","meta":{"footnotes":""},"class_list":["post-8","page","type-page","status-publish","hentry"],"_links":{"self":[{"href":"https:\/\/alelimayoga.com.br\/index.php?rest_route=\/wp\/v2\/pages\/8","targetHints":{"allow":["GET"]}}],"collection":[{"href":"https:\/\/alelimayoga.com.br\/index.php?rest_route=\/wp\/v2\/pages"}],"about":[{"href":"https:\/\/alelimayoga.com.br\/index.php?rest_route=\/wp\/v2\/types\/page"}],"author":[{"embeddable":true,"href":"https:\/\/alelimayoga.com.br\/index.php?rest_route=\/wp\/v2\/users\/1"}],"replies":[{"embeddable":true,"href":"https:\/\/alelimayoga.com.br\/index.php?rest_route=%2Fwp%2Fv2%2Fcomments&post=8"}],"version-history":[{"count":34,"href":"https:\/\/alelimayoga.com.br\/index.php?rest_route=\/wp\/v2\/pages\/8\/revisions"}],"predecessor-version":[{"id":165,"href":"https:\/\/alelimayoga.com.br\/index.php?rest_route=\/wp\/v2\/pages\/8\/revisions\/165"}],"wp:attachment":[{"href":"https:\/\/alelimayoga.com.br\/index.php?rest_route=%2Fwp%2Fv2%2Fmedia&parent=8"}],"curies":[{"name":"wp","href":"https:\/\/api.w.org\/{rel}","templated":true}]}}